{"id":784,"date":"2019-09-03T08:00:07","date_gmt":"2019-09-03T08:00:07","guid":{"rendered":"http:\/\/juanmagonzalez.com\/walkinginthegap\/?page_id=784"},"modified":"2026-03-17T08:50:14","modified_gmt":"2026-03-17T08:50:14","slug":"articles","status":"publish","type":"page","link":"https:\/\/juanmagonzalez.com\/walkinginthegap\/?page_id=784","title":{"rendered":"articles"},"content":{"rendered":"<p>https:\/\/www.eldiario.es\/la-rioja\/pedagogo-revoluciono-educacion-espana-seis-millones-personas-analfabetas_1_12037868.html<br \/><br \/><br \/>https:\/\/glasstire.com\/2012\/11\/23\/the-ten-list-walk-as-art\/<\/p>\n<p><blockquote class=\"wp-embedded-content\" data-secret=\"WmNDWI28ew\"><a href=\"https:\/\/blogs.publico.es\/otrasmiradas\/61173\/senores-de-la-otan-hay-otros-mundos-china-y-rusia-lo-son\/\">Se\u00f1ores de la OTAN, hay otros mundos: China y Rusia lo son<\/a><\/blockquote><iframe class=\"wp-embedded-content\" sandbox=\"allow-scripts\" security=\"restricted\" style=\"position: absolute; clip: rect(1px, 1px, 1px, 1px);\" title=\"\u00abSe\u00f1ores de la OTAN, hay otros mundos: China y Rusia lo son\u00bb \u2014 Otras miradas\" src=\"https:\/\/blogs.publico.es\/otrasmiradas\/61173\/senores-de-la-otan-hay-otros-mundos-china-y-rusia-lo-son\/embed\/#?secret=EU4gpAMe2X#?secret=WmNDWI28ew\" data-secret=\"WmNDWI28ew\" width=\"600\" height=\"338\" frameborder=\"0\" marginwidth=\"0\" marginheight=\"0\" scrolling=\"no\"><\/iframe><\/p>\n<p>\u00a0<\/p>\n<p>Proyectos de arte y naturaleza en Castilla y Le\u00f3n.<br \/>Caso de estudio: Centro de Arte y Naturaleza Cerro Gallinero en Hoyocasero (\u00c1vila).<br \/>(<a href=\"http:\/\/juanmagonzalez.com\/walkinginthegap\/wp-content\/uploads\/2019\/09\/Proyectos_de_arte_y_naturaleza_en_Castil.pdf\">Ver .pdf<\/a>)<\/p>\n<hr \/>\n<p><blockquote class=\"wp-embedded-content\" data-secret=\"eGgDGs4ala\"><a href=\"https:\/\/derivelab.org\/caminar-como-arte-civica\/\">Caminar como Arte C\u00edvica<\/a><\/blockquote><iframe class=\"wp-embedded-content\" sandbox=\"allow-scripts\" security=\"restricted\" style=\"position: absolute; clip: rect(1px, 1px, 1px, 1px);\" title=\"&#8220;Caminar como Arte C\u00edvica&#8221; &#8212; d\u00e9rive LAB\" src=\"https:\/\/derivelab.org\/caminar-como-arte-civica\/embed\/#?secret=eGgDGs4ala\" data-secret=\"eGgDGs4ala\" width=\"600\" height=\"338\" frameborder=\"0\" marginwidth=\"0\" marginheight=\"0\" scrolling=\"no\"><\/iframe><\/p>\n<hr \/>\n<p><blockquote class=\"wp-embedded-content\" data-secret=\"EUDCfRNpei\"><a href=\"https:\/\/www.sinembargo.mx\/31-08-2019\/3637090\">ENSAYO | \u201cEl destino no es siempre el \u00fanico m\u00e9rito del camino, ni el \u00fanico inter\u00e9s del que se desplaza a pie\u201d<\/a><\/blockquote><iframe class=\"wp-embedded-content\" sandbox=\"allow-scripts\" security=\"restricted\" style=\"position: absolute; clip: rect(1px, 1px, 1px, 1px);\" title=\"&#8220;ENSAYO | \u201cEl destino no es siempre el \u00fanico m\u00e9rito del camino, ni el \u00fanico inter\u00e9s del que se desplaza a pie\u201d&#8221; &#8212; SinEmbargo MX\" src=\"https:\/\/www.sinembargo.mx\/31-08-2019\/3637090\/embed#?secret=EUDCfRNpei\" data-secret=\"EUDCfRNpei\" width=\"600\" height=\"338\" frameborder=\"0\" marginwidth=\"0\" marginheight=\"0\" scrolling=\"no\"><\/iframe><\/p>\n<hr \/>\n<p>https:\/\/musac.es\/lab987\/es\/ficha\/montaje-campos-despoblacion-escuela-rural-practica-espacial-critica<\/p>\n\n\n<figure class=\"wp-block-embed-wordpress wp-block-embed is-type-wp-embed is-provider-walk-listen-create\"><div class=\"wp-block-embed__wrapper\">\nhttps:\/\/walklistencreate.org\/walkingevent\/drifting-bodies-fluent-spaces-lab2pt-made-of-walking-vii-guimaraes-portugal\/\n<\/div><\/figure>\n\n\n\n<p><a href=\"http:\/\/cres.cescyl.es\/covid-19-y-ciudad-de-los-15-minutos\/\" target=\"_blank\" rel=\"noreferrer noopener\">Covid-19 y ciudad de los 15 minuto<\/a><\/p>\n\n\n\n<p><a href=\"https:\/\/medium.com\/@CarmenSP\/what-should-we-expect-from-art-in-the-next-few-years-decades-and-what-is-art-anyway-be9f75c3d1ae\">https:\/\/medium.com\/@CarmenSP\/what-should-we-expect-from-art-in-the-next-few-years-decades-and-what-is-art-anyway-be9f75c3d1ae<\/a><br><br><strong>Pr\u00e1cticas de transgresi\u00f3n: caminar, leer, estar en silencio<\/strong><br><a rel=\"noreferrer noopener\" target=\"_blank\" href=\"https:\/\/espaciosumanocero.blogspot.com\/2020\/02\/practicas-de-transgresion-caminar-leer.html?fbclid=IwAR05WMjlNu60u230OovMMyLf4dM_ozMqLj0YBWl6BlIx4a50UF3glrzRLyo&amp;m=1\">https:\/\/espaciosumanocero.blogspot.com\/2020\/02\/practicas-de-transgresion-caminar-leer.html?fbclid=IwAR05WMjlNu60u230OovMMyLf4dM_ozMqLj0YBWl6BlIx4a50UF3glrzRLyo&amp;m=1<\/a><br><br><strong>LEARNING FROM THE VIRUS<\/strong><br>Paul B. Preciado<br><a rel=\"noreferrer noopener\" href=\"https:\/\/www.artforum.com\/print\/202005\/paul-b-preciado-82823?fbclid=IwAR3AzPRHVm0LlSA4I2chGQy2AN4BeccWnZITz19tm_lxJwR4DkE3umGy2w4\" target=\"_blank\">https:\/\/www.artforum.com\/print\/202005\/paul-b-preciado-82823?fbclid=IwAR3AzPRHVm0LlSA4I2chGQy2AN4BeccWnZITz19tm_lxJwR4DkE3umGy2w4<\/a><br><br><strong>AWE WALKS<\/strong><br><a rel=\"noreferrer noopener\" href=\"https:\/\/www.theguardian.com\/society\/2021\/oct\/04\/the-wonder-stuff-what-i-learned-about-happiness-from-a-month-of-awe-walks\" target=\"_blank\">https:\/\/www.theguardian.com\/society\/2021\/oct\/04\/the-wonder-stuff-what-i-learned-about-happiness-from-a-month-of-awe-walks<\/a><br><br><br><strong>Modelos para una revoluci\u00f3n lenta de la cultura rural comunitaria (II)<\/strong><br><a href=\"https:\/\/www.poliedrica.cat\/modelos-para-una-revolucion-lenta-de-la-cultura-rural-comunitaria-ii\/?fbclid=IwAR3nNtJJRJPWK3nnqCDebNXY_Ikzvaan9neKu9fcqXL4qLvDDTjc7GBr5ew\">https:\/\/www.poliedrica.cat\/modelos-para-una-revolucion-lenta-de-la-cultura-rural-comunitaria-ii\/?fbclid=IwAR3nNtJJRJPWK3nnqCDebNXY_Ikzvaan9neKu9fcqXL4qLvDDTjc7GBr5ew<\/a><\/p>\n\n\n\n<p><\/p>\n\n\n\n<p><\/p>\n","protected":false},"excerpt":{"rendered":"<p>https:\/\/www.eldiario.es\/la-rioja\/pedagogo-revoluciono-educacion-espana-seis-millones-personas-analfabetas_1_12037868.html<\/p>\n<p>https:\/\/glasstire.com\/2012\/11\/23\/the-ten-list-walk-as-art\/<\/p>\n<blockquote class=\"wp-embedded-content\" data-secret=\"WmNDWI28ew\"><p><a href=\"https:\/\/blogs.publico.es\/otrasmiradas\/61173\/senores-de-la-otan-hay-otros-mundos-china-y-rusia-lo-son\/\">Se\u00f1ores de la OTAN, hay otros mundos: China y Rusia lo son<\/a><\/p><\/blockquote>\n<p><iframe class=\"wp-embedded-content\" sandbox=\"allow-scripts\" security=\"restricted\" style=\"position: absolute; clip: rect(1px, 1px, 1px, 1px);\" title=\"\u00abSe\u00f1ores de la OTAN, hay otros mundos: China y Rusia lo son\u00bb \u2014 Otras miradas\" src=\"https:\/\/blogs.publico.es\/otrasmiradas\/61173\/senores-de-la-otan-hay-otros-mundos-china-y-rusia-lo-son\/embed\/#?secret=EU4gpAMe2X#?secret=WmNDWI28ew\" data-secret=\"WmNDWI28ew\" width=\"600\" height=\"338\" frameborder=\"0\" marginwidth=\"0\" marginheight=\"0\" scrolling=\"no\"><\/iframe><\/p>\n<p>\u00a0<\/p>\n<p>Proyectos de arte y naturaleza en Castilla y Le\u00f3n.<br \/>Caso de estudio: Centro de Arte y Naturaleza Cerro Gallinero en Hoyocasero (\u00c1vila).<br \/>(<a href=\"http:\/\/juanmagonzalez.com\/walkinginthegap\/wp-content\/uploads\/2019\/09\/Proyectos_de_arte_y_naturaleza_en_Castil.pdf\">Ver .pdf<\/a>)<\/p>\n<hr \/>\n<blockquote class=\"wp-embedded-content\" data-secret=\"eGgDGs4ala\"><p><a href=\"https:\/\/derivelab.org\/caminar-como-arte-civica\/\">Caminar como Arte C\u00edvica<\/a><\/p><\/blockquote>\n<p><iframe class=\"wp-embedded-content\" sandbox=\"allow-scripts\" security=\"restricted\" style=\"position: absolute; clip: rect(1px, 1px, 1px, 1px);\" title=\"&#8220;Caminar como Arte C\u00edvica&#8221; &#8212; d\u00e9rive LAB\" src=\"https:\/\/derivelab.org\/caminar-como-arte-civica\/embed\/#?secret=eGgDGs4ala\" data-secret=\"eGgDGs4ala\" width=\"600\" height=\"338\" frameborder=\"0\" marginwidth=\"0\" marginheight=\"0\" scrolling=\"no\"><\/iframe><\/p>\n<hr \/>\n<blockquote class=\"wp-embedded-content\" data-secret=\"EUDCfRNpei\"><p><a href=\"https:\/\/www.sinembargo.mx\/31-08-2019\/3637090\">ENSAYO | \u201cEl<\/a><\/p><\/blockquote>\n<p> &#8230;<\/p>\n","protected":false},"author":1,"featured_media":0,"parent":0,"menu_order":0,"comment_status":"closed","ping_status":"closed","template":"","meta":[],"_links":{"self":[{"href":"https:\/\/juanmagonzalez.com\/walkinginthegap\/index.php?rest_route=\/wp\/v2\/pages\/784"}],"collection":[{"href":"https:\/\/juanmagonzalez.com\/walkinginthegap\/index.php?rest_route=\/wp\/v2\/pages"}],"about":[{"href":"https:\/\/juanmagonzalez.com\/walkinginthegap\/index.php?rest_route=\/wp\/v2\/types\/page"}],"author":[{"embeddable":true,"href":"https:\/\/juanmagonzalez.com\/walkinginthegap\/index.php?rest_route=\/wp\/v2\/users\/1"}],"replies":[{"embeddable":true,"href":"https:\/\/juanmagonzalez.com\/walkinginthegap\/index.php?rest_route=%2Fwp%2Fv2%2Fcomments&post=784"}],"version-history":[{"count":14,"href":"https:\/\/juanmagonzalez.com\/walkinginthegap\/index.php?rest_route=\/wp\/v2\/pages\/784\/revisions"}],"predecessor-version":[{"id":1836,"href":"https:\/\/juanmagonzalez.com\/walkinginthegap\/index.php?rest_route=\/wp\/v2\/pages\/784\/revisions\/1836"}],"wp:attachment":[{"href":"https:\/\/juanmagonzalez.com\/walkinginthegap\/index.php?rest_route=%2Fwp%2Fv2%2Fmedia&parent=784"}],"curies":[{"name":"wp","href":"https:\/\/api.w.org\/{rel}","templated":true}]}}